{"id":36,"date":"2025-06-04T21:46:00","date_gmt":"2025-06-04T19:46:00","guid":{"rendered":"http:\/\/vf-occ.fr\/index.php\/home\/"},"modified":"2025-09-06T15:19:10","modified_gmt":"2025-09-06T13:19:10","slug":"home","status":"publish","type":"page","link":"https:\/\/vf-occ.fr\/","title":{"rendered":"Home"},"content":{"rendered":"<h3>En garde, pr\u00eat, allez !<\/h3>\n<h1>Le Cercle d&#8217;Escrime d&#8217;Albi<\/h1>\n<p>Une salle d&#8217;arme \u00e0 Albi mais aussi des cours \u00e0 Gaillac, \u00e9p\u00e9e et sabre laser.<br \/>\nD\u00e9couverte, Initiation, loisir ou comp\u00e9tition, pour les grands et les petits.<\/p>\n<p>\t\t\t\t\t\t<a href=\"https:\/\/library.elementor.com\/marketing-digital-agency-hp\/contact-us\/\"><br \/>\n\t\t\t<svg aria-hidden=\"true\" 0=\"ehp-flex-hero__button-icon\" viewBox=\"0 0 448 512\" xmlns=\"http:\/\/www.w3.org\/2000\/svg\"><path d=\"M413.1 222.5l22.2 22.2c9.4 9.4 9.4 24.6 0 33.9L241 473c-9.4 9.4-24.6 9.4-33.9 0L12.7 278.6c-9.4-9.4-9.4-24.6 0-33.9l22.2-22.2c9.5-9.5 25-9.3 34.3.4L184 343.4V56c0-13.3 10.7-24 24-24h32c13.3 0 24 10.7 24 24v287.4l114.8-120.5c9.3-9.8 24.8-10 34.3-.4z\"><\/path><\/svg><br \/>\n\t\t\tEn savoir plus\t\t\t\t<\/a><br \/>\n\t\t\t\t<img decoding=\"async\" src=\"http:\/\/vf-occ.fr\/wp-content\/uploads\/2025\/06\/489955620_2334806846903085_8577244573453392758_n.jpg\" title=\"489955620_2334806846903085_8577244573453392758_n\" alt=\"489955620_2334806846903085_8577244573453392758_n\" loading=\"lazy\" \/><br \/>\n\t\t\t\t<img decoding=\"async\" src=\"http:\/\/vf-occ.fr\/wp-content\/uploads\/2025\/06\/2046321-42921912-2560-1440.jpg\" title=\"2046321-42921912-2560-1440\" alt=\"2046321-42921912-2560-1440\" loading=\"lazy\" \/>\t\t\t<\/p>\n<h2>La Comp\u00e9tition<\/h2>\n<p>Suivez les r\u00e9sultats et le planning des comp\u00e9tions partout en France depuis le site de la f\u00e9d\u00e9ration en suivant le lien suivant.<\/p>\n<p>\t\t\t\t\t\t\t<a href=\"https:\/\/www.ffescrime.fr\/calendrier\/\" target=\"_blank\"><br \/>\n\t\t\t<svg aria-hidden=\"true\" 0=\"ehp-cta__button-icon\" viewBox=\"0 0 448 512\" xmlns=\"http:\/\/www.w3.org\/2000\/svg\"><path d=\"M190.5 66.9l22.2-22.2c9.4-9.4 24.6-9.4 33.9 0L441 239c9.4 9.4 9.4 24.6 0 33.9L246.6 467.3c-9.4 9.4-24.6 9.4-33.9 0l-22.2-22.2c-9.5-9.5-9.3-25 .4-34.3L311.4 296H24c-13.3 0-24-10.7-24-24v-32c0-13.3 10.7-24 24-24h287.4L190.9 101.2c-9.8-9.3-10-24.8-.4-34.3z\"><\/path><\/svg><br \/>\n\t\t\tLe calendrier\t\t\t\t<\/a><\/p>\n<h2>Ils nous accompagnent au quotidien<\/h2>\n<p>Decouvrez nos Partenaires<\/p>\n<p>\t\t\t\t\t\t\t<a href=\"https:\/\/library.elementor.com\/marketing-digital-agency-hp\/services\/\"><br \/>\n\t\t\tMore services\t\t\t\t<\/a><\/p>\n<figure><img decoding=\"async\" src=\"http:\/\/vf-occ.fr\/wp-content\/uploads\/2025\/06\/Logo_Occitanie_2017.svg-300x300.png\" alt=\"Logo_Occitanie_2017.svg\" \/><\/figure>\n<figure><img decoding=\"async\" src=\"http:\/\/vf-occ.fr\/wp-content\/uploads\/2025\/06\/Logo_Departement_Tarn_2019.svg-300x300.png\" alt=\"Logo_D\u00e9partement_Tarn_2019.svg\" \/><\/figure>\n<figure><img decoding=\"async\" src=\"http:\/\/vf-occ.fr\/wp-content\/uploads\/2025\/06\/Logo_Ville_Albi.svg-300x226.png\" alt=\"Logo_Ville_Albi.svg\" \/><\/figure>\n<figure><img decoding=\"async\" src=\"http:\/\/vf-occ.fr\/wp-content\/uploads\/2025\/06\/Sans-titre-1-300x297.jpg\" alt=\"Sans titre-1\" \/><\/figure>\n<figure><img decoding=\"async\" src=\"http:\/\/vf-occ.fr\/wp-content\/uploads\/2025\/06\/5d9de77536ced_CDOSTARNLOGOcr-271x300.jpg\" alt=\"5d9de77536ced_CDOSTARNLOGOcr\" \/><\/figure>\n<figure><img decoding=\"async\" src=\"http:\/\/vf-occ.fr\/wp-content\/uploads\/2025\/06\/hdr_escr-768x768-1-300x300.jpg\" alt=\"hdr_escr-768x768\" \/><\/figure>\n<figure><img decoding=\"async\" src=\"http:\/\/vf-occ.fr\/wp-content\/uploads\/2025\/06\/espace-blog-236x300.jpg\" alt=\"espace-blog\" \/><\/figure>\n<figure><img decoding=\"async\" src=\"http:\/\/vf-occ.fr\/wp-content\/uploads\/2025\/06\/images.png\" alt=\"images\" \/><\/figure>\n<figure><img decoding=\"async\" src=\"http:\/\/vf-occ.fr\/wp-content\/uploads\/2025\/06\/logo-300x212.png\" alt=\"logo\" \/><\/figure>\n<figure><img decoding=\"async\" src=\"http:\/\/vf-occ.fr\/wp-content\/uploads\/2025\/06\/images-1.png\" alt=\"images (1)\" \/><\/figure>\n<figure><img decoding=\"async\" src=\"http:\/\/vf-occ.fr\/wp-content\/uploads\/2025\/06\/Logo_Harmonie-Mutuelle-Groupe-VYV-257x300.jpg\" alt=\"Logo_Harmonie-Mutuelle-Groupe-VYV\" \/><\/figure>\n<figure><img decoding=\"async\" src=\"http:\/\/vf-occ.fr\/wp-content\/uploads\/2025\/06\/logo_Intermarche-removebg-preview-300x98.png\" alt=\"logo_Intermarche\u0301-removebg-preview\" \/><\/figure>\n<figure><img decoding=\"async\" src=\"http:\/\/vf-occ.fr\/wp-content\/uploads\/2025\/06\/Logo-ecouter-voir-2-300x259.png\" alt=\"Logo ecouter voir (2)\" \/><\/figure>\n<figure><img decoding=\"async\" src=\"http:\/\/vf-occ.fr\/wp-content\/uploads\/2025\/06\/Logo-Koesio-300x131.png\" alt=\"Logo Koesio\" \/><\/figure>\n<figure><img decoding=\"async\" src=\"http:\/\/vf-occ.fr\/wp-content\/uploads\/2025\/06\/Ibis_Hotel_Logo_2016-300x119.png\" alt=\"Ibis_Hotel_Logo_2016\" \/><\/figure>\n<figure><img decoding=\"async\" src=\"http:\/\/vf-occ.fr\/wp-content\/uploads\/2025\/06\/logo-png-2018-blanc-1204x562-1-300x140.png\" alt=\"logo-png-2018-blanc-1204x562-1\" \/><\/figure>\n<figure><img decoding=\"async\" src=\"http:\/\/vf-occ.fr\/wp-content\/uploads\/2025\/06\/images-2.png\" alt=\"images (2)\" \/><\/figure>\n<p>\t\t\t\t\t\t<svg aria-hidden=\"true\" viewBox=\"0 0 1000 1000\" xmlns=\"http:\/\/www.w3.org\/2000\/svg\"><path d=\"M646 125C629 125 613 133 604 142L308 442C296 454 292 471 292 487 292 504 296 521 308 533L604 854C617 867 629 875 646 875 663 875 679 871 692 858 704 846 713 829 713 812 713 796 708 779 692 767L438 487 692 225C700 217 708 204 708 187 708 171 704 154 692 142 675 129 663 125 646 125Z\"><\/path><\/svg><br \/>\n\t\t\t\t\t\t<svg aria-hidden=\"true\" viewBox=\"0 0 1000 1000\" xmlns=\"http:\/\/www.w3.org\/2000\/svg\"><path d=\"M696 533C708 521 713 504 713 487 713 471 708 454 696 446L400 146C388 133 375 125 354 125 338 125 325 129 313 142 300 154 292 171 292 187 292 204 296 221 308 233L563 492 304 771C292 783 288 800 288 817 288 833 296 850 308 863 321 871 338 875 354 875 371 875 388 867 400 854L696 533Z\"><\/path><\/svg>\t\t\t\t\t<\/p>\n<figure><img loading=\"lazy\" decoding=\"async\" width=\"1200\" height=\"675\" src=\"http:\/\/vf-occ.fr\/wp-content\/uploads\/2025\/06\/2046321-42921912-2560-1440.jpg\" alt=\"\" \/><\/figure>\n<h3>Raymond Arrault<\/h3>\n<p>Ma\u00eetre d&#8217;arme<\/p>\n<figure><img loading=\"lazy\" decoding=\"async\" width=\"1400\" height=\"674\" src=\"http:\/\/vf-occ.fr\/wp-content\/uploads\/2025\/06\/banniere-escrime-esmt-1400x674-1.jpg\" alt=\"\" \/><\/figure>\n<h3>Alexandre Anglionin<\/h3>\n<p>Ma\u00eetre d&#8217;arme en formation<\/p>\n<figure><img loading=\"lazy\" decoding=\"async\" width=\"640\" height=\"427\" src=\"http:\/\/vf-occ.fr\/wp-content\/uploads\/2025\/06\/definitive-sabre-laser.jpg\" alt=\"\" \/><\/figure>\n<h3>Cedric Manteau<\/h3>\n<p>Educateur<\/p>\n<h2>Ils travaillent au quotidien pour vous former d\u00e8s le plus jeune \u00e2ge.<\/h2>\n<p>Nos Maitres d&#8217;Arme<\/p>\n<p>\t\t\t\t\t\t\t<a><br \/>\n\t\t\t<svg aria-hidden=\"true\" 0=\"ehp-cta__button-icon\" viewBox=\"0 0 448 512\" xmlns=\"http:\/\/www.w3.org\/2000\/svg\"><path d=\"M190.5 66.9l22.2-22.2c9.4-9.4 24.6-9.4 33.9 0L441 239c9.4 9.4 9.4 24.6 0 33.9L246.6 467.3c-9.4 9.4-24.6 9.4-33.9 0l-22.2-22.2c-9.5-9.5-9.3-25 .4-34.3L311.4 296H24c-13.3 0-24-10.7-24-24v-32c0-13.3 10.7-24 24-24h287.4L190.9 101.2c-9.8-9.3-10-24.8-.4-34.3z\"><\/path><\/svg><br \/>\n\t\t\tRencontrez notre \u00e9quipe\t\t\t\t<\/a><\/p>\n","protected":false},"excerpt":{"rendered":"<p>En garde, pr\u00eat, allez ! Le Cercle d&#8217;Escrime d&#8217;Albi Une salle d&#8217;arme \u00e0 Albi mais aussi des cours \u00e0 Gaillac, \u00e9p\u00e9e et sabre laser. D\u00e9couverte, Initiation, loisir ou comp\u00e9tition, pour les grands et les petits. En savoir plus La Comp\u00e9tition Suivez les r\u00e9sultats et le planning des comp\u00e9tions partout en France depuis le site de [&hellip;]<\/p>\n","protected":false},"author":1,"featured_media":0,"parent":0,"menu_order":0,"comment_status":"closed","ping_status":"open","template":"elementor_header_footer","meta":{"footnotes":""},"class_list":["post-36","page","type-page","status-publish","hentry"],"yoast_head":"<!-- This site is optimized with the Yoast SEO plugin v25.7 - https:\/\/yoast.com\/wordpress\/plugins\/seo\/ -->\n<title>Home - Cercle Escrime d&#039;Albi<\/title>\n<meta name=\"robots\" content=\"index, follow, max-snippet:-1, max-image-preview:large, max-video-preview:-1\" \/>\n<link rel=\"canonical\" href=\"https:\/\/vf-occ.fr\/\" \/>\n<meta property=\"og:locale\" content=\"en_US\" \/>\n<meta property=\"og:type\" content=\"article\" \/>\n<meta property=\"og:title\" content=\"Home - Cercle Escrime d&#039;Albi\" \/>\n<meta property=\"og:description\" content=\"En garde, pr\u00eat, allez ! Le Cercle d&#8217;Escrime d&#8217;Albi Une salle d&#8217;arme \u00e0 Albi mais aussi des cours \u00e0 Gaillac, \u00e9p\u00e9e et sabre laser. D\u00e9couverte, Initiation, loisir ou comp\u00e9tition, pour les grands et les petits. En savoir plus La Comp\u00e9tition Suivez les r\u00e9sultats et le planning des comp\u00e9tions partout en France depuis le site de [&hellip;]\" \/>\n<meta property=\"og:url\" content=\"https:\/\/vf-occ.fr\/\" \/>\n<meta property=\"og:site_name\" content=\"Cercle Escrime d&#039;Albi\" \/>\n<meta property=\"article:modified_time\" content=\"2025-09-06T13:19:10+00:00\" \/>\n<meta property=\"og:image\" content=\"http:\/\/vf-occ.fr\/wp-content\/uploads\/2025\/06\/489955620_2334806846903085_8577244573453392758_n.jpg\" \/>\n<meta name=\"twitter:card\" content=\"summary_large_image\" \/>\n<meta name=\"twitter:label1\" content=\"Est. reading time\" \/>\n\t<meta name=\"twitter:data1\" content=\"1 minute\" \/>\n<script type=\"application\/ld+json\" class=\"yoast-schema-graph\">{\"@context\":\"https:\/\/schema.org\",\"@graph\":[{\"@type\":\"WebPage\",\"@id\":\"https:\/\/vf-occ.fr\/\",\"url\":\"https:\/\/vf-occ.fr\/\",\"name\":\"Home - Cercle Escrime d&#039;Albi\",\"isPartOf\":{\"@id\":\"https:\/\/vf-occ.fr\/#website\"},\"primaryImageOfPage\":{\"@id\":\"https:\/\/vf-occ.fr\/#primaryimage\"},\"image\":{\"@id\":\"https:\/\/vf-occ.fr\/#primaryimage\"},\"thumbnailUrl\":\"http:\/\/vf-occ.fr\/wp-content\/uploads\/2025\/06\/489955620_2334806846903085_8577244573453392758_n.jpg\",\"datePublished\":\"2025-06-04T19:46:00+00:00\",\"dateModified\":\"2025-09-06T13:19:10+00:00\",\"breadcrumb\":{\"@id\":\"https:\/\/vf-occ.fr\/#breadcrumb\"},\"inLanguage\":\"en-US\",\"potentialAction\":[{\"@type\":\"ReadAction\",\"target\":[\"https:\/\/vf-occ.fr\/\"]}]},{\"@type\":\"ImageObject\",\"inLanguage\":\"en-US\",\"@id\":\"https:\/\/vf-occ.fr\/#primaryimage\",\"url\":\"http:\/\/vf-occ.fr\/wp-content\/uploads\/2025\/06\/489955620_2334806846903085_8577244573453392758_n.jpg\",\"contentUrl\":\"http:\/\/vf-occ.fr\/wp-content\/uploads\/2025\/06\/489955620_2334806846903085_8577244573453392758_n.jpg\"},{\"@type\":\"BreadcrumbList\",\"@id\":\"https:\/\/vf-occ.fr\/#breadcrumb\",\"itemListElement\":[{\"@type\":\"ListItem\",\"position\":1,\"name\":\"Home\",\"item\":\"https:\/\/vf-occ.fr\/\"},{\"@type\":\"ListItem\",\"position\":2,\"name\":\"Home\"}]},{\"@type\":\"WebSite\",\"@id\":\"https:\/\/vf-occ.fr\/#website\",\"url\":\"https:\/\/vf-occ.fr\/\",\"name\":\"Cercle Escrime d&#039;Albi\",\"description\":\"En garde, pr\u00eat, allez !\",\"publisher\":{\"@id\":\"https:\/\/vf-occ.fr\/#organization\"},\"potentialAction\":[{\"@type\":\"SearchAction\",\"target\":{\"@type\":\"EntryPoint\",\"urlTemplate\":\"https:\/\/vf-occ.fr\/?s={search_term_string}\"},\"query-input\":{\"@type\":\"PropertyValueSpecification\",\"valueRequired\":true,\"valueName\":\"search_term_string\"}}],\"inLanguage\":\"en-US\"},{\"@type\":\"Organization\",\"@id\":\"https:\/\/vf-occ.fr\/#organization\",\"name\":\"Cercle Escrime d&#039;Albi\",\"url\":\"https:\/\/vf-occ.fr\/\",\"logo\":{\"@type\":\"ImageObject\",\"inLanguage\":\"en-US\",\"@id\":\"https:\/\/vf-occ.fr\/#\/schema\/logo\/image\/\",\"url\":\"https:\/\/vf-occ.fr\/wp-content\/uploads\/2025\/06\/cropped-cercle-descrime-albi.png\",\"contentUrl\":\"https:\/\/vf-occ.fr\/wp-content\/uploads\/2025\/06\/cropped-cercle-descrime-albi.png\",\"width\":512,\"height\":512,\"caption\":\"Cercle Escrime d&#039;Albi\"},\"image\":{\"@id\":\"https:\/\/vf-occ.fr\/#\/schema\/logo\/image\/\"}}]}<\/script>\n<!-- \/ Yoast SEO plugin. -->","yoast_head_json":{"title":"Home - Cercle Escrime d&#039;Albi","robots":{"index":"index","follow":"follow","max-snippet":"max-snippet:-1","max-image-preview":"max-image-preview:large","max-video-preview":"max-video-preview:-1"},"canonical":"https:\/\/vf-occ.fr\/","og_locale":"en_US","og_type":"article","og_title":"Home - Cercle Escrime d&#039;Albi","og_description":"En garde, pr\u00eat, allez ! Le Cercle d&#8217;Escrime d&#8217;Albi Une salle d&#8217;arme \u00e0 Albi mais aussi des cours \u00e0 Gaillac, \u00e9p\u00e9e et sabre laser. D\u00e9couverte, Initiation, loisir ou comp\u00e9tition, pour les grands et les petits. En savoir plus La Comp\u00e9tition Suivez les r\u00e9sultats et le planning des comp\u00e9tions partout en France depuis le site de [&hellip;]","og_url":"https:\/\/vf-occ.fr\/","og_site_name":"Cercle Escrime d&#039;Albi","article_modified_time":"2025-09-06T13:19:10+00:00","og_image":[{"url":"http:\/\/vf-occ.fr\/wp-content\/uploads\/2025\/06\/489955620_2334806846903085_8577244573453392758_n.jpg","type":"","width":"","height":""}],"twitter_card":"summary_large_image","twitter_misc":{"Est. reading time":"1 minute"},"schema":{"@context":"https:\/\/schema.org","@graph":[{"@type":"WebPage","@id":"https:\/\/vf-occ.fr\/","url":"https:\/\/vf-occ.fr\/","name":"Home - Cercle Escrime d&#039;Albi","isPartOf":{"@id":"https:\/\/vf-occ.fr\/#website"},"primaryImageOfPage":{"@id":"https:\/\/vf-occ.fr\/#primaryimage"},"image":{"@id":"https:\/\/vf-occ.fr\/#primaryimage"},"thumbnailUrl":"http:\/\/vf-occ.fr\/wp-content\/uploads\/2025\/06\/489955620_2334806846903085_8577244573453392758_n.jpg","datePublished":"2025-06-04T19:46:00+00:00","dateModified":"2025-09-06T13:19:10+00:00","breadcrumb":{"@id":"https:\/\/vf-occ.fr\/#breadcrumb"},"inLanguage":"en-US","potentialAction":[{"@type":"ReadAction","target":["https:\/\/vf-occ.fr\/"]}]},{"@type":"ImageObject","inLanguage":"en-US","@id":"https:\/\/vf-occ.fr\/#primaryimage","url":"http:\/\/vf-occ.fr\/wp-content\/uploads\/2025\/06\/489955620_2334806846903085_8577244573453392758_n.jpg","contentUrl":"http:\/\/vf-occ.fr\/wp-content\/uploads\/2025\/06\/489955620_2334806846903085_8577244573453392758_n.jpg"},{"@type":"BreadcrumbList","@id":"https:\/\/vf-occ.fr\/#breadcrumb","itemListElement":[{"@type":"ListItem","position":1,"name":"Home","item":"https:\/\/vf-occ.fr\/"},{"@type":"ListItem","position":2,"name":"Home"}]},{"@type":"WebSite","@id":"https:\/\/vf-occ.fr\/#website","url":"https:\/\/vf-occ.fr\/","name":"Cercle Escrime d&#039;Albi","description":"En garde, pr\u00eat, allez !","publisher":{"@id":"https:\/\/vf-occ.fr\/#organization"},"potentialAction":[{"@type":"SearchAction","target":{"@type":"EntryPoint","urlTemplate":"https:\/\/vf-occ.fr\/?s={search_term_string}"},"query-input":{"@type":"PropertyValueSpecification","valueRequired":true,"valueName":"search_term_string"}}],"inLanguage":"en-US"},{"@type":"Organization","@id":"https:\/\/vf-occ.fr\/#organization","name":"Cercle Escrime d&#039;Albi","url":"https:\/\/vf-occ.fr\/","logo":{"@type":"ImageObject","inLanguage":"en-US","@id":"https:\/\/vf-occ.fr\/#\/schema\/logo\/image\/","url":"https:\/\/vf-occ.fr\/wp-content\/uploads\/2025\/06\/cropped-cercle-descrime-albi.png","contentUrl":"https:\/\/vf-occ.fr\/wp-content\/uploads\/2025\/06\/cropped-cercle-descrime-albi.png","width":512,"height":512,"caption":"Cercle Escrime d&#039;Albi"},"image":{"@id":"https:\/\/vf-occ.fr\/#\/schema\/logo\/image\/"}}]}},"_links":{"self":[{"href":"https:\/\/vf-occ.fr\/index.php\/wp-json\/wp\/v2\/pages\/36","targetHints":{"allow":["GET"]}}],"collection":[{"href":"https:\/\/vf-occ.fr\/index.php\/wp-json\/wp\/v2\/pages"}],"about":[{"href":"https:\/\/vf-occ.fr\/index.php\/wp-json\/wp\/v2\/types\/page"}],"author":[{"embeddable":true,"href":"https:\/\/vf-occ.fr\/index.php\/wp-json\/wp\/v2\/users\/1"}],"replies":[{"embeddable":true,"href":"https:\/\/vf-occ.fr\/index.php\/wp-json\/wp\/v2\/comments?post=36"}],"version-history":[{"count":175,"href":"https:\/\/vf-occ.fr\/index.php\/wp-json\/wp\/v2\/pages\/36\/revisions"}],"predecessor-version":[{"id":748,"href":"https:\/\/vf-occ.fr\/index.php\/wp-json\/wp\/v2\/pages\/36\/revisions\/748"}],"wp:attachment":[{"href":"https:\/\/vf-occ.fr\/index.php\/wp-json\/wp\/v2\/media?parent=36"}],"curies":[{"name":"wp","href":"https:\/\/api.w.org\/{rel}","templated":true}]}}