{"id":13,"date":"2025-06-04T21:29:44","date_gmt":"2025-06-04T19:29:44","guid":{"rendered":"http:\/\/vf-occ.fr\/?page_id=13"},"modified":"2025-09-06T15:23:29","modified_gmt":"2025-09-06T13:23:29","slug":"horaires-et-documents","status":"publish","type":"page","link":"https:\/\/vf-occ.fr\/index.php\/horaires-et-documents\/","title":{"rendered":"Horaires et documents"},"content":{"rendered":"<h2>Horaires des entrainements<\/h2>\n<h2>GAILLAC<\/h2>\n<h2>\u00c9p\u00e9e<br \/>\nToute cat\u00e9gorie <\/h2>\n<ul>\n<li>\n\t\t\t\t\t\t\t\t\t\tJeudi : 18h15-19h45\n\t\t\t\t\t\t\t\t\t<\/li>\n<\/ul>\n<h2>ALBI<\/h2>\n<h2>Sabre Laser<\/h2>\n<ul>\n<li>\n\t\t\t\t\t\t\t\t\t\tMardi : 19h30-21h\n\t\t\t\t\t\t\t\t\t<\/li>\n<\/ul>\n<h2>\u00c9p\u00e9e<br \/>\nM7 a M11<\/h2>\n<ul>\n<li>\n\t\t\t\t\t\t\t\t\t\tMercredi : 14h-15h30\n\t\t\t\t\t\t\t\t\t<\/li>\n<li>\n\t\t\t\t\t\t\t\t\t\tSamedi : 10h-12h\n\t\t\t\t\t\t\t\t\t<\/li>\n<\/ul>\n<h2>\u00c9p\u00e9e M11 confirm\u00e9<\/h2>\n<ul>\n<li>\n\t\t\t\t\t\t\t\t\t\tMercredi : 15h30-17h\n\t\t\t\t\t\t\t\t\t<\/li>\n<li>\n\t\t\t\t\t\t\t\t\t\tVendredi : 17h15-18h45\n\t\t\t\t\t\t\t\t\t<\/li>\n<\/ul>\n<h2>\u00c9p\u00e9e M13<\/h2>\n<ul>\n<li>\n\t\t\t\t\t\t\t\t\t\tMercredi : 17h-19h\n\t\t\t\t\t\t\t\t\t<\/li>\n<li>\n\t\t\t\t\t\t\t\t\t\tVendredi : 17h15-18h45\n\t\t\t\t\t\t\t\t\t<\/li>\n<\/ul>\n<h2>\u00c9p\u00e9e M15  Adultes<\/h2>\n<ul>\n<li>\n\t\t\t\t\t\t\t\t\t\tLundi : 18h30-20h30\n\t\t\t\t\t\t\t\t\t<\/li>\n<li>\n\t\t\t\t\t\t\t\t\t\tMercredi : 19h-21h\n\t\t\t\t\t\t\t\t\t<\/li>\n<li>\n\t\t\t\t\t\t\t\t\t\tVendredi : 18h45-20h45\n\t\t\t\t\t\t\t\t\t<\/li>\n<\/ul>\n<h2>Notice Attestations de sant\u00e9 et Certificats M\u00e9dicaux saison 2025-2026<br \/>\n<\/h2>\n<h2>Notice<\/h2>\n<p>\t\t\t\t\t<a href=\"http:\/\/vf-occ.fr\/wp-content\/uploads\/2025\/07\/Notice-Attestations-de-sante-et-Certificats-Medicaux-saison-2025-2026.pdf\"><br \/>\n\t\t\t\t\t\t\t\t\tT\u00e9l\u00e9charger<br \/>\n\t\t\t\t\t<\/a><\/p>\n<h2>Certificats et questionnaires m\u00e9dicaux<\/h2>\n<h2>Certificat M\u00e9dical v\u00e9t\u00e9ran<\/h2>\n<p>\t\t\t\t\t<a href=\"http:\/\/vf-occ.fr\/wp-content\/uploads\/2025\/07\/Certificat-Medical-veteran.pdf\" target=\"_blank\"><br \/>\n\t\t\t\t\t\t\t\t\tT\u00e9l\u00e9charger<br \/>\n\t\t\t\t\t<\/a><\/p>\n<h2>Attestation sant\u00e9 majeur<\/h2>\n<p>\t\t\t\t\t<a href=\"http:\/\/vf-occ.fr\/wp-content\/uploads\/2025\/07\/Questionnaire-et-Attestation-sante-majeur.pdf\"><br \/>\n\t\t\t\t\t\t\t\t\tT\u00e9l\u00e9charger<br \/>\n\t\t\t\t\t<\/a><\/p>\n<h2>Certificat M\u00e9dical simple surclassement<\/h2>\n<p>\t\t\t\t\t<a href=\"http:\/\/vf-occ.fr\/wp-content\/uploads\/2025\/07\/Certificat-Medical-simple-surclassement.pdf\"><br \/>\n\t\t\t\t\t\t\t\t\tT\u00e9l\u00e9charger<br \/>\n\t\t\t\t\t<\/a><\/p>\n<h2>Questionnaire et Attestation sant\u00e9 mineur<\/h2>\n<p>\t\t\t\t\t<a href=\"http:\/\/vf-occ.fr\/wp-content\/uploads\/2025\/07\/Questionnaire-et-Attestation-sante-mineur.pdf\"><br \/>\n\t\t\t\t\t\t\t\t\tT\u00e9l\u00e9charger<br \/>\n\t\t\t\t\t<\/a><\/p>\n<h2>Bulletins d&#8217;inscription et tarifs<\/h2>\n<h2>Sabre Laser<br \/>\nTarif &#8211; Bulletin inscription 2025-2026 sabre laser<\/h2>\n<p>\t\t\t\t\t<a href=\"http:\/\/vf-occ.fr\/wp-content\/uploads\/2025\/07\/Tarif-Bulletin-inscription-2025-2026-sabre-laser.pdf\" target=\"_blank\"><br \/>\n\t\t\t\t\t\t\t\t\tT\u00e9l\u00e9charger<br \/>\n\t\t\t\t\t<\/a><\/p>\n<h2>\u00c9p\u00e9e<br \/>\nTarif &#8211; Bulletin inscription 2025-2026 sabre laser<\/h2>\n<p>\t\t\t\t\t<a href=\"http:\/\/vf-occ.fr\/wp-content\/uploads\/2025\/07\/Questionnaire-et-Attestation-sante-majeur.pdf\"><br \/>\n\t\t\t\t\t\t\t\t\tT\u00e9l\u00e9charger<br \/>\n\t\t\t\t\t<\/a><\/p>\n","protected":false},"excerpt":{"rendered":"<p>Horaires des entrainements GAILLAC \u00c9p\u00e9e Toute cat\u00e9gorie Jeudi : 18h15-19h45 ALBI Sabre Laser Mardi : 19h30-21h \u00c9p\u00e9e M7 a M11 Mercredi : 14h-15h30 Samedi : 10h-12h \u00c9p\u00e9e M11 confirm\u00e9 Mercredi : 15h30-17h Vendredi : 17h15-18h45 \u00c9p\u00e9e M13 Mercredi : 17h-19h Vendredi : 17h15-18h45 \u00c9p\u00e9e M15 Adultes Lundi : 18h30-20h30 Mercredi : 19h-21h Vendredi : 18h45-20h45 [&hellip;]<\/p>\n","protected":false},"author":1,"featured_media":0,"parent":0,"menu_order":0,"comment_status":"closed","ping_status":"open","template":"","meta":{"footnotes":""},"class_list":["post-13","page","type-page","status-publish","hentry"],"yoast_head":"<!-- This site is optimized with the Yoast SEO plugin v25.7 - https:\/\/yoast.com\/wordpress\/plugins\/seo\/ -->\n<title>Horaires et documents - Cercle Escrime d&#039;Albi<\/title>\n<meta name=\"robots\" content=\"index, follow, max-snippet:-1, max-image-preview:large, max-video-preview:-1\" \/>\n<link rel=\"canonical\" href=\"https:\/\/vf-occ.fr\/index.php\/horaires-et-documents\/\" \/>\n<meta property=\"og:locale\" content=\"en_US\" \/>\n<meta property=\"og:type\" content=\"article\" \/>\n<meta property=\"og:title\" content=\"Horaires et documents - Cercle Escrime d&#039;Albi\" \/>\n<meta property=\"og:description\" content=\"Horaires des entrainements GAILLAC \u00c9p\u00e9e Toute cat\u00e9gorie Jeudi : 18h15-19h45 ALBI Sabre Laser Mardi : 19h30-21h \u00c9p\u00e9e M7 a M11 Mercredi : 14h-15h30 Samedi : 10h-12h \u00c9p\u00e9e M11 confirm\u00e9 Mercredi : 15h30-17h Vendredi : 17h15-18h45 \u00c9p\u00e9e M13 Mercredi : 17h-19h Vendredi : 17h15-18h45 \u00c9p\u00e9e M15 Adultes Lundi : 18h30-20h30 Mercredi : 19h-21h Vendredi : 18h45-20h45 [&hellip;]\" \/>\n<meta property=\"og:url\" content=\"https:\/\/vf-occ.fr\/index.php\/horaires-et-documents\/\" \/>\n<meta property=\"og:site_name\" content=\"Cercle Escrime d&#039;Albi\" \/>\n<meta property=\"article:modified_time\" content=\"2025-09-06T13:23:29+00:00\" \/>\n<meta name=\"twitter:card\" content=\"summary_large_image\" \/>\n<meta name=\"twitter:label1\" content=\"Est. reading time\" \/>\n\t<meta name=\"twitter:data1\" content=\"1 minute\" \/>\n<script type=\"application\/ld+json\" class=\"yoast-schema-graph\">{\"@context\":\"https:\/\/schema.org\",\"@graph\":[{\"@type\":\"WebPage\",\"@id\":\"https:\/\/vf-occ.fr\/index.php\/horaires-et-documents\/\",\"url\":\"https:\/\/vf-occ.fr\/index.php\/horaires-et-documents\/\",\"name\":\"Horaires et documents - Cercle Escrime d&#039;Albi\",\"isPartOf\":{\"@id\":\"https:\/\/vf-occ.fr\/#website\"},\"datePublished\":\"2025-06-04T19:29:44+00:00\",\"dateModified\":\"2025-09-06T13:23:29+00:00\",\"breadcrumb\":{\"@id\":\"https:\/\/vf-occ.fr\/index.php\/horaires-et-documents\/#breadcrumb\"},\"inLanguage\":\"en-US\",\"potentialAction\":[{\"@type\":\"ReadAction\",\"target\":[\"https:\/\/vf-occ.fr\/index.php\/horaires-et-documents\/\"]}]},{\"@type\":\"BreadcrumbList\",\"@id\":\"https:\/\/vf-occ.fr\/index.php\/horaires-et-documents\/#breadcrumb\",\"itemListElement\":[{\"@type\":\"ListItem\",\"position\":1,\"name\":\"Home\",\"item\":\"https:\/\/vf-occ.fr\/\"},{\"@type\":\"ListItem\",\"position\":2,\"name\":\"Horaires et documents\"}]},{\"@type\":\"WebSite\",\"@id\":\"https:\/\/vf-occ.fr\/#website\",\"url\":\"https:\/\/vf-occ.fr\/\",\"name\":\"Cercle Escrime d&#039;Albi\",\"description\":\"En garde, pr\u00eat, allez !\",\"publisher\":{\"@id\":\"https:\/\/vf-occ.fr\/#organization\"},\"potentialAction\":[{\"@type\":\"SearchAction\",\"target\":{\"@type\":\"EntryPoint\",\"urlTemplate\":\"https:\/\/vf-occ.fr\/?s={search_term_string}\"},\"query-input\":{\"@type\":\"PropertyValueSpecification\",\"valueRequired\":true,\"valueName\":\"search_term_string\"}}],\"inLanguage\":\"en-US\"},{\"@type\":\"Organization\",\"@id\":\"https:\/\/vf-occ.fr\/#organization\",\"name\":\"Cercle Escrime d&#039;Albi\",\"url\":\"https:\/\/vf-occ.fr\/\",\"logo\":{\"@type\":\"ImageObject\",\"inLanguage\":\"en-US\",\"@id\":\"https:\/\/vf-occ.fr\/#\/schema\/logo\/image\/\",\"url\":\"https:\/\/vf-occ.fr\/wp-content\/uploads\/2025\/06\/cropped-cercle-descrime-albi.png\",\"contentUrl\":\"https:\/\/vf-occ.fr\/wp-content\/uploads\/2025\/06\/cropped-cercle-descrime-albi.png\",\"width\":512,\"height\":512,\"caption\":\"Cercle Escrime d&#039;Albi\"},\"image\":{\"@id\":\"https:\/\/vf-occ.fr\/#\/schema\/logo\/image\/\"}}]}<\/script>\n<!-- \/ Yoast SEO plugin. -->","yoast_head_json":{"title":"Horaires et documents - Cercle Escrime d&#039;Albi","robots":{"index":"index","follow":"follow","max-snippet":"max-snippet:-1","max-image-preview":"max-image-preview:large","max-video-preview":"max-video-preview:-1"},"canonical":"https:\/\/vf-occ.fr\/index.php\/horaires-et-documents\/","og_locale":"en_US","og_type":"article","og_title":"Horaires et documents - Cercle Escrime d&#039;Albi","og_description":"Horaires des entrainements GAILLAC \u00c9p\u00e9e Toute cat\u00e9gorie Jeudi : 18h15-19h45 ALBI Sabre Laser Mardi : 19h30-21h \u00c9p\u00e9e M7 a M11 Mercredi : 14h-15h30 Samedi : 10h-12h \u00c9p\u00e9e M11 confirm\u00e9 Mercredi : 15h30-17h Vendredi : 17h15-18h45 \u00c9p\u00e9e M13 Mercredi : 17h-19h Vendredi : 17h15-18h45 \u00c9p\u00e9e M15 Adultes Lundi : 18h30-20h30 Mercredi : 19h-21h Vendredi : 18h45-20h45 [&hellip;]","og_url":"https:\/\/vf-occ.fr\/index.php\/horaires-et-documents\/","og_site_name":"Cercle Escrime d&#039;Albi","article_modified_time":"2025-09-06T13:23:29+00:00","twitter_card":"summary_large_image","twitter_misc":{"Est. reading time":"1 minute"},"schema":{"@context":"https:\/\/schema.org","@graph":[{"@type":"WebPage","@id":"https:\/\/vf-occ.fr\/index.php\/horaires-et-documents\/","url":"https:\/\/vf-occ.fr\/index.php\/horaires-et-documents\/","name":"Horaires et documents - Cercle Escrime d&#039;Albi","isPartOf":{"@id":"https:\/\/vf-occ.fr\/#website"},"datePublished":"2025-06-04T19:29:44+00:00","dateModified":"2025-09-06T13:23:29+00:00","breadcrumb":{"@id":"https:\/\/vf-occ.fr\/index.php\/horaires-et-documents\/#breadcrumb"},"inLanguage":"en-US","potentialAction":[{"@type":"ReadAction","target":["https:\/\/vf-occ.fr\/index.php\/horaires-et-documents\/"]}]},{"@type":"BreadcrumbList","@id":"https:\/\/vf-occ.fr\/index.php\/horaires-et-documents\/#breadcrumb","itemListElement":[{"@type":"ListItem","position":1,"name":"Home","item":"https:\/\/vf-occ.fr\/"},{"@type":"ListItem","position":2,"name":"Horaires et documents"}]},{"@type":"WebSite","@id":"https:\/\/vf-occ.fr\/#website","url":"https:\/\/vf-occ.fr\/","name":"Cercle Escrime d&#039;Albi","description":"En garde, pr\u00eat, allez !","publisher":{"@id":"https:\/\/vf-occ.fr\/#organization"},"potentialAction":[{"@type":"SearchAction","target":{"@type":"EntryPoint","urlTemplate":"https:\/\/vf-occ.fr\/?s={search_term_string}"},"query-input":{"@type":"PropertyValueSpecification","valueRequired":true,"valueName":"search_term_string"}}],"inLanguage":"en-US"},{"@type":"Organization","@id":"https:\/\/vf-occ.fr\/#organization","name":"Cercle Escrime d&#039;Albi","url":"https:\/\/vf-occ.fr\/","logo":{"@type":"ImageObject","inLanguage":"en-US","@id":"https:\/\/vf-occ.fr\/#\/schema\/logo\/image\/","url":"https:\/\/vf-occ.fr\/wp-content\/uploads\/2025\/06\/cropped-cercle-descrime-albi.png","contentUrl":"https:\/\/vf-occ.fr\/wp-content\/uploads\/2025\/06\/cropped-cercle-descrime-albi.png","width":512,"height":512,"caption":"Cercle Escrime d&#039;Albi"},"image":{"@id":"https:\/\/vf-occ.fr\/#\/schema\/logo\/image\/"}}]}},"_links":{"self":[{"href":"https:\/\/vf-occ.fr\/index.php\/wp-json\/wp\/v2\/pages\/13","targetHints":{"allow":["GET"]}}],"collection":[{"href":"https:\/\/vf-occ.fr\/index.php\/wp-json\/wp\/v2\/pages"}],"about":[{"href":"https:\/\/vf-occ.fr\/index.php\/wp-json\/wp\/v2\/types\/page"}],"author":[{"embeddable":true,"href":"https:\/\/vf-occ.fr\/index.php\/wp-json\/wp\/v2\/users\/1"}],"replies":[{"embeddable":true,"href":"https:\/\/vf-occ.fr\/index.php\/wp-json\/wp\/v2\/comments?post=13"}],"version-history":[{"count":184,"href":"https:\/\/vf-occ.fr\/index.php\/wp-json\/wp\/v2\/pages\/13\/revisions"}],"predecessor-version":[{"id":744,"href":"https:\/\/vf-occ.fr\/index.php\/wp-json\/wp\/v2\/pages\/13\/revisions\/744"}],"wp:attachment":[{"href":"https:\/\/vf-occ.fr\/index.php\/wp-json\/wp\/v2\/media?parent=13"}],"curies":[{"name":"wp","href":"https:\/\/api.w.org\/{rel}","templated":true}]}}