{"id":11,"date":"2025-06-04T21:27:58","date_gmt":"2025-06-04T19:27:58","guid":{"rendered":"http:\/\/vf-occ.fr\/?page_id=11"},"modified":"2025-06-05T21:59:15","modified_gmt":"2025-06-05T19:59:15","slug":"le-club","status":"publish","type":"page","link":"https:\/\/vf-occ.fr\/index.php\/le-club\/","title":{"rendered":"Le club"},"content":{"rendered":"<h2>Le Cercle d&#8217;Escrime d&#8217;Albi<\/h2>\n<p>\t\t\t\t\t\t\t\t\t\t\t\t\t\t\t<img loading=\"lazy\" decoding=\"async\" width=\"523\" height=\"392\" src=\"http:\/\/vf-occ.fr\/wp-content\/uploads\/2025\/06\/Screenshot-2025-06-05-212602.png\" alt=\"\" srcset=\"http:\/\/vf-occ.fr\/wp-content\/uploads\/2025\/06\/Screenshot-2025-06-05-212602.png 523w, http:\/\/vf-occ.fr\/wp-content\/uploads\/2025\/06\/Screenshot-2025-06-05-212602-300x225.png 300w\" sizes=\"auto, (max-width: 523px) 100vw, 523px\" \/>\t\t\t\t\t\t\t\t\t\t\t\t\t\t\t<\/p>\n<p><strong>Cree en 1930, le Cercle d&#8217;Escrime d&#8217;Albi est avant tout un club formateur de tireurs mais \u00e9galement d&#8217;arbitres et d&#8217;\u00e9ducateurs qui a \u00e9t\u00e9 labellise Ecole Fran\u00e7aise d&#8217;Escrime.<\/strong><\/p>\n<p><strong>Plusieurs de ses licencies ont int\u00e9gr\u00e9 des structures de haut niveau.<\/strong><\/p>\n<p><strong>Le Cercle d&#8217;Escrime d&#8217;Albi a d\u00e9j\u00e0 organise des comp\u00e9titions de niveau national :<\/strong><\/p>\n<ul>\n<li><strong>Criteriums nationaux UFOLEP 1994<\/strong><\/li>\n<li><strong>Championnats de France \u00e9p\u00e9e (homme et dames) en Juin 1996<\/strong><\/li>\n<li><strong>Championnats de France (homme et dames) en Juin 2017<\/strong><\/li>\n<li><strong>Championnats de France Handisport en Juin 2021<\/strong><\/li>\n<li><strong>Fete des Jeunes (Criterium National M15) en Juin 2023<\/strong><\/li>\n<\/ul>\n<figure><img loading=\"lazy\" decoding=\"async\" width=\"380\" height=\"265\" src=\"http:\/\/vf-occ.fr\/wp-content\/uploads\/2025\/06\/Team-5.png\" alt=\"\" \/><\/figure>\n<h3>Raymond Arrault<\/h3>\n<p>Ma\u00eetre d&#8217;arme<\/p>\n<figure><img loading=\"lazy\" decoding=\"async\" width=\"380\" height=\"265\" src=\"http:\/\/vf-occ.fr\/wp-content\/uploads\/2025\/06\/Team-8.png\" alt=\"\" \/><\/figure>\n<h3>C\u00e9dric Manteau <\/h3>\n<p>Educateur<\/p>\n<h2 style=\"color: #353535; font-family: Montserrat, sans-serif; line-height: 22.4px; font-size: 16px;\" data-elementor-setting-key=\"heading_text\" data-elementor-inline-editing-toolbar=\"none\" data-pen-placeholder=\"\u00c9crivez ici...\">Nos Maitres d&#8217;Arme<\/h2>\n<h2 style=\"color: #353535; font-family: Montserrat, sans-serif; line-height: 22.4px; font-size: 16px;\" data-elementor-setting-key=\"heading_text\" data-elementor-inline-editing-toolbar=\"none\" data-pen-placeholder=\"\u00c9crivez ici...\">\u00a0<\/h2>\n<h2 style=\"color: #353535; font-family: Montserrat, sans-serif; line-height: 22.4px; font-size: 16px;\" data-elementor-setting-key=\"heading_text\" data-elementor-inline-editing-toolbar=\"none\" data-pen-placeholder=\"\u00c9crivez ici...\">Ils travaillent au quotidien pour vous former d\u00e8s le plus jeune \u00e2ge.<\/h2>\n<h2>Rencontrez les membres du bureau<\/h2>\n<figure><img loading=\"lazy\" decoding=\"async\" width=\"380\" height=\"265\" src=\"http:\/\/vf-occ.fr\/wp-content\/uploads\/2025\/06\/Team-5.png\" alt=\"\" \/><\/figure>\n<h3>Christophe VOLLE<\/h3>\n<p>Pr\u00e9sident &#8211; Tr\u00e9sorier &#8211;<br \/>\nArmurier<\/p>\n<figure><img loading=\"lazy\" decoding=\"async\" width=\"380\" height=\"265\" src=\"http:\/\/vf-occ.fr\/wp-content\/uploads\/2025\/06\/Team-8.png\" alt=\"\" \/><\/figure>\n<h3>Jacqueline FELZINES<\/h3>\n<p>Pr\u00e9sidente d&#8217;honneur<\/p>\n<figure><img loading=\"lazy\" decoding=\"async\" width=\"380\" height=\"265\" src=\"http:\/\/vf-occ.fr\/wp-content\/uploads\/2025\/06\/Team-5.png\" alt=\"\" \/><\/figure>\n<h3>Vincent MAESTRE<\/h3>\n<p>Vice-Pr\u00e9sident<\/p>\n<figure><img loading=\"lazy\" decoding=\"async\" width=\"380\" height=\"265\" src=\"http:\/\/vf-occ.fr\/wp-content\/uploads\/2025\/06\/Team-8.png\" alt=\"\" \/><\/figure>\n<h3>Virginie ROUSSELIN<\/h3>\n<p>Secr\u00e9taire<\/p>\n<figure><img loading=\"lazy\" decoding=\"async\" width=\"380\" height=\"265\" src=\"http:\/\/vf-occ.fr\/wp-content\/uploads\/2025\/06\/Team-8.png\" alt=\"\" \/><\/figure>\n<h3>V\u00e9rane FAURE<\/h3>\n<p>Vice-Secr\u00e9taire<\/p>\n","protected":false},"excerpt":{"rendered":"<p>Le Cercle d&#8217;Escrime d&#8217;Albi Cree en 1930, le Cercle d&#8217;Escrime d&#8217;Albi est avant tout un club formateur de tireurs mais \u00e9galement d&#8217;arbitres et d&#8217;\u00e9ducateurs qui a \u00e9t\u00e9 labellise Ecole Fran\u00e7aise d&#8217;Escrime. Plusieurs de ses licencies ont int\u00e9gr\u00e9 des structures de haut niveau. Le Cercle d&#8217;Escrime d&#8217;Albi a d\u00e9j\u00e0 organise des comp\u00e9titions de niveau national : [&hellip;]<\/p>\n","protected":false},"author":1,"featured_media":0,"parent":0,"menu_order":0,"comment_status":"closed","ping_status":"open","template":"","meta":{"footnotes":""},"class_list":["post-11","page","type-page","status-publish","hentry"],"yoast_head":"<!-- This site is optimized with the Yoast SEO plugin v25.7 - https:\/\/yoast.com\/wordpress\/plugins\/seo\/ -->\n<title>Le club - Cercle Escrime d&#039;Albi<\/title>\n<meta name=\"robots\" content=\"index, follow, max-snippet:-1, max-image-preview:large, max-video-preview:-1\" \/>\n<link rel=\"canonical\" href=\"https:\/\/vf-occ.fr\/index.php\/le-club\/\" \/>\n<meta property=\"og:locale\" content=\"en_US\" \/>\n<meta property=\"og:type\" content=\"article\" \/>\n<meta property=\"og:title\" content=\"Le club - Cercle Escrime d&#039;Albi\" \/>\n<meta property=\"og:description\" content=\"Le Cercle d&#8217;Escrime d&#8217;Albi Cree en 1930, le Cercle d&#8217;Escrime d&#8217;Albi est avant tout un club formateur de tireurs mais \u00e9galement d&#8217;arbitres et d&#8217;\u00e9ducateurs qui a \u00e9t\u00e9 labellise Ecole Fran\u00e7aise d&#8217;Escrime. Plusieurs de ses licencies ont int\u00e9gr\u00e9 des structures de haut niveau. Le Cercle d&#8217;Escrime d&#8217;Albi a d\u00e9j\u00e0 organise des comp\u00e9titions de niveau national : [&hellip;]\" \/>\n<meta property=\"og:url\" content=\"https:\/\/vf-occ.fr\/index.php\/le-club\/\" \/>\n<meta property=\"og:site_name\" content=\"Cercle Escrime d&#039;Albi\" \/>\n<meta property=\"article:modified_time\" content=\"2025-06-05T19:59:15+00:00\" \/>\n<meta property=\"og:image\" content=\"http:\/\/vf-occ.fr\/wp-content\/uploads\/2025\/06\/Screenshot-2025-06-05-212602.png\" \/>\n<meta name=\"twitter:card\" content=\"summary_large_image\" \/>\n<meta name=\"twitter:label1\" content=\"Est. reading time\" \/>\n\t<meta name=\"twitter:data1\" content=\"1 minute\" \/>\n<script type=\"application\/ld+json\" class=\"yoast-schema-graph\">{\"@context\":\"https:\/\/schema.org\",\"@graph\":[{\"@type\":\"WebPage\",\"@id\":\"https:\/\/vf-occ.fr\/index.php\/le-club\/\",\"url\":\"https:\/\/vf-occ.fr\/index.php\/le-club\/\",\"name\":\"Le club - Cercle Escrime d&#039;Albi\",\"isPartOf\":{\"@id\":\"https:\/\/vf-occ.fr\/#website\"},\"primaryImageOfPage\":{\"@id\":\"https:\/\/vf-occ.fr\/index.php\/le-club\/#primaryimage\"},\"image\":{\"@id\":\"https:\/\/vf-occ.fr\/index.php\/le-club\/#primaryimage\"},\"thumbnailUrl\":\"http:\/\/vf-occ.fr\/wp-content\/uploads\/2025\/06\/Screenshot-2025-06-05-212602.png\",\"datePublished\":\"2025-06-04T19:27:58+00:00\",\"dateModified\":\"2025-06-05T19:59:15+00:00\",\"breadcrumb\":{\"@id\":\"https:\/\/vf-occ.fr\/index.php\/le-club\/#breadcrumb\"},\"inLanguage\":\"en-US\",\"potentialAction\":[{\"@type\":\"ReadAction\",\"target\":[\"https:\/\/vf-occ.fr\/index.php\/le-club\/\"]}]},{\"@type\":\"ImageObject\",\"inLanguage\":\"en-US\",\"@id\":\"https:\/\/vf-occ.fr\/index.php\/le-club\/#primaryimage\",\"url\":\"http:\/\/vf-occ.fr\/wp-content\/uploads\/2025\/06\/Screenshot-2025-06-05-212602.png\",\"contentUrl\":\"http:\/\/vf-occ.fr\/wp-content\/uploads\/2025\/06\/Screenshot-2025-06-05-212602.png\"},{\"@type\":\"BreadcrumbList\",\"@id\":\"https:\/\/vf-occ.fr\/index.php\/le-club\/#breadcrumb\",\"itemListElement\":[{\"@type\":\"ListItem\",\"position\":1,\"name\":\"Home\",\"item\":\"https:\/\/vf-occ.fr\/\"},{\"@type\":\"ListItem\",\"position\":2,\"name\":\"Le club\"}]},{\"@type\":\"WebSite\",\"@id\":\"https:\/\/vf-occ.fr\/#website\",\"url\":\"https:\/\/vf-occ.fr\/\",\"name\":\"Cercle Escrime d&#039;Albi\",\"description\":\"En garde, pr\u00eat, allez !\",\"publisher\":{\"@id\":\"https:\/\/vf-occ.fr\/#organization\"},\"potentialAction\":[{\"@type\":\"SearchAction\",\"target\":{\"@type\":\"EntryPoint\",\"urlTemplate\":\"https:\/\/vf-occ.fr\/?s={search_term_string}\"},\"query-input\":{\"@type\":\"PropertyValueSpecification\",\"valueRequired\":true,\"valueName\":\"search_term_string\"}}],\"inLanguage\":\"en-US\"},{\"@type\":\"Organization\",\"@id\":\"https:\/\/vf-occ.fr\/#organization\",\"name\":\"Cercle Escrime d&#039;Albi\",\"url\":\"https:\/\/vf-occ.fr\/\",\"logo\":{\"@type\":\"ImageObject\",\"inLanguage\":\"en-US\",\"@id\":\"https:\/\/vf-occ.fr\/#\/schema\/logo\/image\/\",\"url\":\"https:\/\/vf-occ.fr\/wp-content\/uploads\/2025\/06\/cropped-cercle-descrime-albi.png\",\"contentUrl\":\"https:\/\/vf-occ.fr\/wp-content\/uploads\/2025\/06\/cropped-cercle-descrime-albi.png\",\"width\":512,\"height\":512,\"caption\":\"Cercle Escrime d&#039;Albi\"},\"image\":{\"@id\":\"https:\/\/vf-occ.fr\/#\/schema\/logo\/image\/\"}}]}<\/script>\n<!-- \/ Yoast SEO plugin. -->","yoast_head_json":{"title":"Le club - Cercle Escrime d&#039;Albi","robots":{"index":"index","follow":"follow","max-snippet":"max-snippet:-1","max-image-preview":"max-image-preview:large","max-video-preview":"max-video-preview:-1"},"canonical":"https:\/\/vf-occ.fr\/index.php\/le-club\/","og_locale":"en_US","og_type":"article","og_title":"Le club - Cercle Escrime d&#039;Albi","og_description":"Le Cercle d&#8217;Escrime d&#8217;Albi Cree en 1930, le Cercle d&#8217;Escrime d&#8217;Albi est avant tout un club formateur de tireurs mais \u00e9galement d&#8217;arbitres et d&#8217;\u00e9ducateurs qui a \u00e9t\u00e9 labellise Ecole Fran\u00e7aise d&#8217;Escrime. Plusieurs de ses licencies ont int\u00e9gr\u00e9 des structures de haut niveau. Le Cercle d&#8217;Escrime d&#8217;Albi a d\u00e9j\u00e0 organise des comp\u00e9titions de niveau national : [&hellip;]","og_url":"https:\/\/vf-occ.fr\/index.php\/le-club\/","og_site_name":"Cercle Escrime d&#039;Albi","article_modified_time":"2025-06-05T19:59:15+00:00","og_image":[{"url":"http:\/\/vf-occ.fr\/wp-content\/uploads\/2025\/06\/Screenshot-2025-06-05-212602.png","type":"","width":"","height":""}],"twitter_card":"summary_large_image","twitter_misc":{"Est. reading time":"1 minute"},"schema":{"@context":"https:\/\/schema.org","@graph":[{"@type":"WebPage","@id":"https:\/\/vf-occ.fr\/index.php\/le-club\/","url":"https:\/\/vf-occ.fr\/index.php\/le-club\/","name":"Le club - Cercle Escrime d&#039;Albi","isPartOf":{"@id":"https:\/\/vf-occ.fr\/#website"},"primaryImageOfPage":{"@id":"https:\/\/vf-occ.fr\/index.php\/le-club\/#primaryimage"},"image":{"@id":"https:\/\/vf-occ.fr\/index.php\/le-club\/#primaryimage"},"thumbnailUrl":"http:\/\/vf-occ.fr\/wp-content\/uploads\/2025\/06\/Screenshot-2025-06-05-212602.png","datePublished":"2025-06-04T19:27:58+00:00","dateModified":"2025-06-05T19:59:15+00:00","breadcrumb":{"@id":"https:\/\/vf-occ.fr\/index.php\/le-club\/#breadcrumb"},"inLanguage":"en-US","potentialAction":[{"@type":"ReadAction","target":["https:\/\/vf-occ.fr\/index.php\/le-club\/"]}]},{"@type":"ImageObject","inLanguage":"en-US","@id":"https:\/\/vf-occ.fr\/index.php\/le-club\/#primaryimage","url":"http:\/\/vf-occ.fr\/wp-content\/uploads\/2025\/06\/Screenshot-2025-06-05-212602.png","contentUrl":"http:\/\/vf-occ.fr\/wp-content\/uploads\/2025\/06\/Screenshot-2025-06-05-212602.png"},{"@type":"BreadcrumbList","@id":"https:\/\/vf-occ.fr\/index.php\/le-club\/#breadcrumb","itemListElement":[{"@type":"ListItem","position":1,"name":"Home","item":"https:\/\/vf-occ.fr\/"},{"@type":"ListItem","position":2,"name":"Le club"}]},{"@type":"WebSite","@id":"https:\/\/vf-occ.fr\/#website","url":"https:\/\/vf-occ.fr\/","name":"Cercle Escrime d&#039;Albi","description":"En garde, pr\u00eat, allez !","publisher":{"@id":"https:\/\/vf-occ.fr\/#organization"},"potentialAction":[{"@type":"SearchAction","target":{"@type":"EntryPoint","urlTemplate":"https:\/\/vf-occ.fr\/?s={search_term_string}"},"query-input":{"@type":"PropertyValueSpecification","valueRequired":true,"valueName":"search_term_string"}}],"inLanguage":"en-US"},{"@type":"Organization","@id":"https:\/\/vf-occ.fr\/#organization","name":"Cercle Escrime d&#039;Albi","url":"https:\/\/vf-occ.fr\/","logo":{"@type":"ImageObject","inLanguage":"en-US","@id":"https:\/\/vf-occ.fr\/#\/schema\/logo\/image\/","url":"https:\/\/vf-occ.fr\/wp-content\/uploads\/2025\/06\/cropped-cercle-descrime-albi.png","contentUrl":"https:\/\/vf-occ.fr\/wp-content\/uploads\/2025\/06\/cropped-cercle-descrime-albi.png","width":512,"height":512,"caption":"Cercle Escrime d&#039;Albi"},"image":{"@id":"https:\/\/vf-occ.fr\/#\/schema\/logo\/image\/"}}]}},"_links":{"self":[{"href":"https:\/\/vf-occ.fr\/index.php\/wp-json\/wp\/v2\/pages\/11","targetHints":{"allow":["GET"]}}],"collection":[{"href":"https:\/\/vf-occ.fr\/index.php\/wp-json\/wp\/v2\/pages"}],"about":[{"href":"https:\/\/vf-occ.fr\/index.php\/wp-json\/wp\/v2\/types\/page"}],"author":[{"embeddable":true,"href":"https:\/\/vf-occ.fr\/index.php\/wp-json\/wp\/v2\/users\/1"}],"replies":[{"embeddable":true,"href":"https:\/\/vf-occ.fr\/index.php\/wp-json\/wp\/v2\/comments?post=11"}],"version-history":[{"count":22,"href":"https:\/\/vf-occ.fr\/index.php\/wp-json\/wp\/v2\/pages\/11\/revisions"}],"predecessor-version":[{"id":383,"href":"https:\/\/vf-occ.fr\/index.php\/wp-json\/wp\/v2\/pages\/11\/revisions\/383"}],"wp:attachment":[{"href":"https:\/\/vf-occ.fr\/index.php\/wp-json\/wp\/v2\/media?parent=11"}],"curies":[{"name":"wp","href":"https:\/\/api.w.org\/{rel}","templated":true}]}}